{"id":10,"date":"2025-08-01T01:51:42","date_gmt":"2025-07-31T22:51:42","guid":{"rendered":"https:\/\/tiginkurs.com\/?page_id=10"},"modified":"2025-08-01T04:08:54","modified_gmt":"2025-08-01T01:08:54","slug":"about","status":"publish","type":"page","link":"https:\/\/tiginkurs.com\/index.php\/about\/","title":{"rendered":"Hakk\u0131m\u0131zda"},"content":{"rendered":"\n<p><strong>De\u011ferli Ziyaret\u00e7imiz,<\/strong><br><strong>T\u0130G\u0130N<\/strong>,&nbsp;<strong>birebir, grup ya da online olarak bireye \u00f6zg\u00fc farkl\u0131 e\u011fitim se\u00e7enekleri sunan e\u011fitim ve e\u011fitimci dostu bir sistemin ad\u0131d\u0131r.<\/strong>&nbsp;Tigin anlam itibariyle&nbsp;<em><strong>\u201dprens\u201d<\/strong><\/em>&nbsp;demektir ve&nbsp;<strong>e\u011fitimin prensi<\/strong>,olmazsa olmaz\u0131 kabul edece\u011fimiz&nbsp;<strong>\u201dDeneyimli E\u011fitmenleri\u201d<\/strong>&nbsp;kar\u015f\u0131lamaktad\u0131r. Tigin Logo\u2019nun \u00fc\u00e7 noktas\u0131;<strong>&nbsp;\u201cB\u0130L\u0130M, SEVG\u0130 ve D\u00dcR\u00dcSTL\u00dcK\u201d<\/strong>&nbsp;kavramalar\u0131n\u0131 ifade etmektedir. E\u011fitimci dostu olan T\u0130G\u0130N; logonun \u00fc\u00e7 noktas\u0131ndan esinlenerek misyon olarak&nbsp;<strong>\u201d3ES\u201d<\/strong>modelini prensip edinmi\u015ftir.<\/p>\n\n\n\n<ul class=\"wp-block-list\">\n<li><strong>E\u011fitmene<\/strong><\/li>\n\n\n\n<li><strong>E\u011fitim g\u00f6rene<\/strong><\/li>\n\n\n\n<li><strong>Eme\u011fe<\/strong><\/li>\n\n\n\n<li><strong>Sayg\u0131<\/strong><\/li>\n<\/ul>\n\n\n\n<p>Tigin Kurs, yerinde; yani evinizde, ofisinizde ya da ofisimizde e\u011fitimi i\u00e7ermektedir<strong>.<\/strong>\u00a0Tigin, anas\u0131n\u0131f\u0131ndan \u00fcniversiteye kadar hatta hayat\u0131n t\u00fcm alanlar\u0131ndaki e\u011fitimleri kapsamaktad\u0131r. Tigin Kurs\u2019de sadece e\u011fitim verilmekle kalmay\u0131p hem e\u011fitmen hem de bu servisten yararlananlar anketlerle de\u011ferlendirilerek elde edilen veriler \u0131\u015f\u0131\u011f\u0131nda devaml\u0131 etkile\u015fim i\u00e7inde olmaktad\u0131r.<br><strong>Tigin \u201dKi\u015fiye \u00f6zg\u00fc e\u011fitim se\u00e7enekleri sunan\u201d \u00f6zel bir e\u011fitim sistemidir.<\/strong><br><strong>Tigin,\u201dE\u011fitimin prensi.\u201d<\/strong><\/p>\n\n\n\n<p><strong>HAKAN TERZ\u0130O\u011eLU<\/strong><br><strong>Ofis Y\u00f6netmeni<\/strong><\/p>\n\n\n\n<div style=\"height:100px\" aria-hidden=\"true\" class=\"wp-block-spacer\"><\/div>\n\n\n\n<div class=\"wp-block-cover alignfull\" style=\"padding-top:50px;padding-right:50px;padding-bottom:50px;padding-left:50px;min-height:316px;aspect-ratio:unset;\"><span aria-hidden=\"true\" class=\"wp-block-cover__background has-black-background-color has-background-dim-100 has-background-dim\"><\/span><div class=\"wp-block-cover__inner-container is-layout-flow wp-block-cover-is-layout-flow\">\n<div class=\"wp-block-columns are-vertically-aligned-center is-layout-flex wp-container-core-columns-is-layout-28f84493 wp-block-columns-is-layout-flex\">\n<div class=\"wp-block-column is-vertically-aligned-center is-layout-flow wp-block-column-is-layout-flow\" style=\"padding-top:20px;padding-right:0px;padding-bottom:20px;padding-left:0px\"><\/div>\n\n\n\n<div class=\"wp-block-column is-vertically-aligned-center is-layout-flow wp-block-column-is-layout-flow\" style=\"padding-top:20px;padding-right:0px;padding-bottom:20px;padding-left:0px\">\n<div class=\"wp-block-group is-content-justification-space-between is-nowrap is-layout-flex wp-container-core-group-is-layout-bb3dfb5c wp-block-group-is-layout-flex\">\n<figure class=\"wp-block-image size-full\"><img decoding=\"async\" src=\"https:\/\/tiginkurs.com\/wp-content\/themes\/inspiro\/assets\/images\/laurel_left.png\" alt=\"\"\/><\/figure>\n\n\n\n<div class=\"wp-block-group is-layout-flow wp-block-group-is-layout-flow\">\n<p class=\"has-text-align-center has-white-color has-text-color\" style=\"font-size:clamp(14px, 0.875rem + ((1vw - 3.2px) * 0.417), 18px);line-height:1\"><strong>&#8220;Tigin Kurs&#8221;<\/strong><br>Sadece LGS<\/p>\n<\/div>\n\n\n\n<figure class=\"wp-block-image size-full\"><img decoding=\"async\" src=\"https:\/\/tiginkurs.com\/wp-content\/themes\/inspiro\/assets\/images\/laurel_right.png\" alt=\"\"\/><\/figure>\n<\/div>\n<\/div>\n\n\n\n<div class=\"wp-block-column is-vertically-aligned-center is-layout-flow wp-block-column-is-layout-flow\" style=\"padding-top:20px;padding-right:0px;padding-bottom:20px;padding-left:0px\"><\/div>\n<\/div>\n<\/div><\/div>\n\n\n\n<p><\/p>\n","protected":false},"excerpt":{"rendered":"<p>De\u011ferli Ziyaret\u00e7imiz,T\u0130G\u0130N,&nbsp;birebir, grup ya da online olarak bireye \u00f6zg\u00fc farkl\u0131 e\u011fitim se\u00e7enekleri sunan e\u011fitim ve e\u011fitimci dostu bir sistemin ad\u0131d\u0131r.&nbsp;Tigin anlam itibariyle&nbsp;\u201dprens\u201d&nbsp;demektir ve&nbsp;e\u011fitimin prensi,olmazsa olmaz\u0131 kabul edece\u011fimiz&nbsp;\u201dDeneyimli E\u011fitmenleri\u201d&nbsp;kar\u015f\u0131lamaktad\u0131r. Tigin Logo\u2019nun \u00fc\u00e7 noktas\u0131;&nbsp;\u201cB\u0130L\u0130M, SEVG\u0130 ve D\u00dcR\u00dcSTL\u00dcK\u201d&nbsp;kavramalar\u0131n\u0131 ifade etmektedir. E\u011fitimci dostu olan T\u0130G\u0130N; logonun \u00fc\u00e7 noktas\u0131ndan esinlenerek misyon olarak&nbsp;\u201d3ES\u201dmodelini prensip edinmi\u015ftir. Tigin Kurs, yerinde; yani evinizde, ofisinizde &hellip; <\/p>\n<p class=\"link-more\"><a href=\"https:\/\/tiginkurs.com\/index.php\/about\/\" class=\"more-link\"><span class=\"screen-reader-text\"> &#8220;Hakk\u0131m\u0131zda&#8221;<\/span>devam\u0131n\u0131 oku<\/a><\/p>\n","protected":false},"author":1,"featured_media":7,"parent":0,"menu_order":0,"comment_status":"closed","ping_status":"closed","template":"","meta":{"footnotes":""},"class_list":["post-10","page","type-page","status-publish","has-post-thumbnail","hentry"],"_links":{"self":[{"href":"https:\/\/tiginkurs.com\/index.php\/wp-json\/wp\/v2\/pages\/10","targetHints":{"allow":["GET"]}}],"collection":[{"href":"https:\/\/tiginkurs.com\/index.php\/wp-json\/wp\/v2\/pages"}],"about":[{"href":"https:\/\/tiginkurs.com\/index.php\/wp-json\/wp\/v2\/types\/page"}],"author":[{"embeddable":true,"href":"https:\/\/tiginkurs.com\/index.php\/wp-json\/wp\/v2\/users\/1"}],"replies":[{"embeddable":true,"href":"https:\/\/tiginkurs.com\/index.php\/wp-json\/wp\/v2\/comments?post=10"}],"version-history":[{"count":7,"href":"https:\/\/tiginkurs.com\/index.php\/wp-json\/wp\/v2\/pages\/10\/revisions"}],"predecessor-version":[{"id":78,"href":"https:\/\/tiginkurs.com\/index.php\/wp-json\/wp\/v2\/pages\/10\/revisions\/78"}],"wp:featuredmedia":[{"embeddable":true,"href":"https:\/\/tiginkurs.com\/index.php\/wp-json\/wp\/v2\/media\/7"}],"wp:attachment":[{"href":"https:\/\/tiginkurs.com\/index.php\/wp-json\/wp\/v2\/media?parent=10"}],"curies":[{"name":"wp","href":"https:\/\/api.w.org\/{rel}","templated":true}]}}